{"id":2475,"date":"2024-02-12T20:52:56","date_gmt":"2024-02-12T19:52:56","guid":{"rendered":"https:\/\/reflexologie-mlb.fr\/?page_id=2475"},"modified":"2024-02-12T20:53:10","modified_gmt":"2024-02-12T19:53:10","slug":"mentions-legales","status":"publish","type":"page","link":"https:\/\/reflexologie-mlb.fr\/?page_id=2475","title":{"rendered":"mentions l\u00e9gales"},"content":{"rendered":"\n<p><strong>MENTIONS LEGALES<\/strong><\/p>\n\n\n\n<p>Conform\u00e9ment aux dispositions de la loi n\u00b0 2004-575 du 21 juin 2004 pour la confiance en l\u2019\u00e9conomie num\u00e9rique, il est pr\u00e9cis\u00e9 aux utilisateurs du site\u00a0reflexologie-mlb.fr\u00a0l\u2019identit\u00e9 des diff\u00e9rents intervenants dans le cadre de sa r\u00e9alisation et de son suivi.<\/p>\n\n\n\n<p><strong>Edition du site<\/strong><\/p>\n\n\n\n<h3 class=\"wp-block-heading\">Le site\u00a0reflexologie-mlb.fr <a href=\"https:\/\/www.legalplace.fr\/\"><\/a>\u00a0est \u00e9dit\u00e9 par Marion Le Bihan, autoentrepreneur, domicili\u00e9e \u00e0 Andernos-les-Bains &#8211; , immatricul\u00e9e au Registre du Commerce et des Soci\u00e9t\u00e9s de Bordeaux sous le num\u00e9ro d\u2019identification unique 388746166 RCS BORDEAUX.<\/h3>\n\n\n\n<p><strong>Responsable de publication<\/strong><\/p>\n\n\n\n<p>Marion Le Bihan<\/p>\n\n\n\n<p><strong>H\u00e9bergeur<\/strong><\/p>\n\n\n\n<p>Le site reflexologie-mlb.fr est h\u00e9berg\u00e9 par la soci\u00e9t\u00e9 hostinger Inc. <strong>Adresse<\/strong> : <strong>HOSTINGER INTERNATIONAL LTD, 61 Lordou Vironos Street, 6023 Larnaca, Chypre<\/strong><\/p>\n\n\n\n<p><strong>Nous contacter<\/strong><\/p>\n\n\n\n<ul class=\"wp-block-list\">\n<li>Par email :\u00a0<strong>contact@reflexologie-mlb.fr<\/strong><\/li>\n<\/ul>\n\n\n\n<p><strong>CNIL<\/strong><\/p>\n\n\n\n<p>Les informations recueillies sur ce formulaire sont enregistr\u00e9es dans un fichier informatis\u00e9 par hypnose.audenge.fr pour <strong>r\u00e9pondre \u00e0 vos demandes<\/strong><strong>.<\/strong><\/p>\n\n\n\n<p>Les donn\u00e9es collect\u00e9es seront communiqu\u00e9es uniquement \u00e0<strong> <\/strong>Marion Le Bihan<\/p>\n\n\n\n<p>Les donn\u00e9es sont conserv\u00e9es pendant <strong>3 ans au plus.<\/strong><\/p>\n\n\n\n<p>Conform\u00e9ment aux dispositions de la loi 78-17 du 6 janvier 1978 modifi\u00e9e, l\u2019Utilisateur dispose d\u2019un droit d\u2019acc\u00e8s, de modification et de suppression des informations collect\u00e9es par reflexologie mlb<\/p>\n\n\n\n<p>Vous pouvez<\/p>\n\n\n\n<ul class=\"wp-block-list\">\n<li>&#8211; acc\u00e9der aux donn\u00e9es vous concernant, les rectifier, demander leur effacement ou exercer votre droit \u00e0 la limitation du traitement de vos donn\u00e9es.<strong> <\/strong><strong><\/strong><\/li>\n\n\n\n<li>Par \u00e9crit :courrier postal, accompagn\u00e9 d\u2019une copie d\u2019une pi\u00e8ce d\u2019identit\u00e9.&nbsp;Id\u00e9alement, en recommand\u00e9 avec accus\u00e9 de r\u00e9ception<\/li>\n\n\n\n<li>Sur place: avec pr\u00e9sentation d&rsquo;une pi\u00e8ce d\u2019identit\u00e9. Il est possible de se faire accompagner par la personne de son choix. La consultation doit durer suffisamment longtemps pour prendre note commod\u00e9ment et compl\u00e8tement. Il est possible de demander une copie des donn\u00e9es.<\/li>\n<\/ul>\n\n\n\n<p><strong>&#8211; retirer \u00e0 tout moment votre consentement au traitement de vos donn\u00e9es<\/strong><strong><\/strong><\/p>\n\n\n\n<p><strong>&#8211; vous opposer au traitement de vos donn\u00e9es.<\/strong><strong><\/strong><\/p>\n\n\n\n<p>&#8211; en obtenir la copie&nbsp;(des frais n\u2019exc\u00e9dant pas le co\u00fbt de la reproduction peuvent \u00eatre demand\u00e9s)<strong><\/strong><\/p>\n\n\n\n<p><strong>&#8211; exercer votre droit \u00e0 la portabilit\u00e9 de vos donn\u00e9es.<\/strong><\/p>\n\n\n\n<p>Pour exercer ces droits ou pour toute question sur le traitement de vos donn\u00e9es dans ce dispositif, vous pouvez contacter<strong>\u00a0Marion le Bihan\u00a0:  <\/strong>contact@reflexologie-mlb.fr<\/p>\n\n\n\n<p>Si vous estimez, apr\u00e8s nous avoir contact\u00e9s, que vos droits \u00ab&nbsp;Informatique et Libert\u00e9s&nbsp;\u00bb ne sont pas respect\u00e9s, vous pouvez adresser une r\u00e9clamation \u00e0 la CNIL.<\/p>\n","protected":false},"excerpt":{"rendered":"<p>MENTIONS LEGALES Conform\u00e9ment aux dispositions de la loi n\u00b0 2004-575 du 21 juin 2004 pour la confiance en l\u2019\u00e9conomie num\u00e9rique, il est pr\u00e9cis\u00e9 aux utilisateurs du site\u00a0reflexologie-mlb.fr\u00a0l\u2019identit\u00e9 des diff\u00e9rents intervenants dans le cadre de sa r\u00e9alisation et de son suivi. Edition du site Le site\u00a0reflexologie-mlb.fr \u00a0est \u00e9dit\u00e9 par Marion Le Bihan, autoentrepreneur, domicili\u00e9e \u00e0 Andernos-les-Bains [&hellip;]<\/p>\n","protected":false},"author":2,"featured_media":0,"parent":0,"menu_order":0,"comment_status":"closed","ping_status":"closed","template":"","meta":{"site-sidebar-layout":"default","site-content-layout":"","ast-site-content-layout":"default","site-content-style":"default","site-sidebar-style":"default","ast-global-header-display":"","ast-banner-title-visibility":"","ast-main-header-display":"","ast-hfb-above-header-display":"","ast-hfb-below-header-display":"","ast-hfb-mobile-header-display":"","site-post-title":"","ast-breadcrumbs-content":"","ast-featured-img":"","footer-sml-layout":"","theme-transparent-header-meta":"","adv-header-id-meta":"","stick-header-meta":"","header-above-stick-meta":"","header-main-stick-meta":"","header-below-stick-meta":"","astra-migrate-meta-layouts":"set","ast-page-background-enabled":"default","ast-page-background-meta":{"desktop":{"background-color":"","background-image":"","background-repeat":"repeat","background-position":"center center","background-size":"auto","background-attachment":"scroll","background-type":"","background-media":"","overlay-type":"","overlay-color":"","overlay-opacity":"","overlay-gradient":""},"tablet":{"background-color":"","background-image":"","background-repeat":"repeat","background-position":"center center","background-size":"auto","background-attachment":"scroll","background-type":"","background-media":"","overlay-type":"","overlay-color":"","overlay-opacity":"","overlay-gradient":""},"mobile":{"background-color":"","background-image":"","background-repeat":"repeat","background-position":"center center","background-size":"auto","background-attachment":"scroll","background-type":"","background-media":"","overlay-type":"","overlay-color":"","overlay-opacity":"","overlay-gradient":""}},"ast-content-background-meta":{"desktop":{"background-color":"var(--ast-global-color-5)","background-image":"","background-repeat":"repeat","background-position":"center center","background-size":"auto","background-attachment":"scroll","background-type":"","background-media":"","overlay-type":"","overlay-color":"","overlay-opacity":"","overlay-gradient":""},"tablet":{"background-color":"var(--ast-global-color-5)","background-image":"","background-repeat":"repeat","background-position":"center center","background-size":"auto","background-attachment":"scroll","background-type":"","background-media":"","overlay-type":"","overlay-color":"","overlay-opacity":"","overlay-gradient":""},"mobile":{"background-color":"var(--ast-global-color-5)","background-image":"","background-repeat":"repeat","background-position":"center center","background-size":"auto","background-attachment":"scroll","background-type":"","background-media":"","overlay-type":"","overlay-color":"","overlay-opacity":"","overlay-gradient":""}},"footnotes":""},"class_list":["post-2475","page","type-page","status-publish","hentry"],"yoast_head":"<!-- This site is optimized with the Yoast SEO plugin v27.6 - https:\/\/yoast.com\/product\/yoast-seo-wordpress\/ -->\n<title>mentions l\u00e9gales - reflexologie-mlb.fr<\/title>\n<meta name=\"robots\" content=\"index, follow, max-snippet:-1, max-image-preview:large, max-video-preview:-1\" \/>\n<link rel=\"canonical\" href=\"https:\/\/reflexologie-mlb.fr\/?page_id=2475\" \/>\n<meta property=\"og:locale\" content=\"fr_FR\" \/>\n<meta property=\"og:type\" content=\"article\" \/>\n<meta property=\"og:title\" content=\"mentions l\u00e9gales - reflexologie-mlb.fr\" \/>\n<meta property=\"og:description\" content=\"MENTIONS LEGALES Conform\u00e9ment aux dispositions de la loi n\u00b0 2004-575 du 21 juin 2004 pour la confiance en l\u2019\u00e9conomie num\u00e9rique, il est pr\u00e9cis\u00e9 aux utilisateurs du site\u00a0reflexologie-mlb.fr\u00a0l\u2019identit\u00e9 des diff\u00e9rents intervenants dans le cadre de sa r\u00e9alisation et de son suivi. Edition du site Le site\u00a0reflexologie-mlb.fr \u00a0est \u00e9dit\u00e9 par Marion Le Bihan, autoentrepreneur, domicili\u00e9e \u00e0 Andernos-les-Bains [&hellip;]\" \/>\n<meta property=\"og:url\" content=\"https:\/\/reflexologie-mlb.fr\/?page_id=2475\" \/>\n<meta property=\"og:site_name\" content=\"reflexologie-mlb.fr\" \/>\n<meta property=\"article:modified_time\" content=\"2024-02-12T19:53:10+00:00\" \/>\n<meta property=\"og:image\" content=\"https:\/\/reflexologie-mlb.fr\/wp-content\/uploads\/2023\/12\/cropped-logo-reflexologie-GRAND-1.jpg\" \/>\n\t<meta property=\"og:image:width\" content=\"512\" \/>\n\t<meta property=\"og:image:height\" content=\"512\" \/>\n\t<meta property=\"og:image:type\" content=\"image\/jpeg\" \/>\n<meta name=\"twitter:card\" content=\"summary_large_image\" \/>\n<meta name=\"twitter:label1\" content=\"Dur\u00e9e de lecture estim\u00e9e\" \/>\n\t<meta name=\"twitter:data1\" content=\"2 minutes\" \/>\n<script type=\"application\/ld+json\" class=\"yoast-schema-graph\">{\"@context\":\"https:\\\/\\\/schema.org\",\"@graph\":[{\"@type\":\"WebPage\",\"@id\":\"https:\\\/\\\/reflexologie-mlb.fr\\\/?page_id=2475\",\"url\":\"https:\\\/\\\/reflexologie-mlb.fr\\\/?page_id=2475\",\"name\":\"mentions l\u00e9gales - reflexologie-mlb.fr\",\"isPartOf\":{\"@id\":\"https:\\\/\\\/reflexologie-mlb.fr\\\/#website\"},\"datePublished\":\"2024-02-12T19:52:56+00:00\",\"dateModified\":\"2024-02-12T19:53:10+00:00\",\"breadcrumb\":{\"@id\":\"https:\\\/\\\/reflexologie-mlb.fr\\\/?page_id=2475#breadcrumb\"},\"inLanguage\":\"fr-FR\",\"potentialAction\":[{\"@type\":\"ReadAction\",\"target\":[\"https:\\\/\\\/reflexologie-mlb.fr\\\/?page_id=2475\"]}]},{\"@type\":\"BreadcrumbList\",\"@id\":\"https:\\\/\\\/reflexologie-mlb.fr\\\/?page_id=2475#breadcrumb\",\"itemListElement\":[{\"@type\":\"ListItem\",\"position\":1,\"name\":\"Accueil\",\"item\":\"https:\\\/\\\/reflexologie-mlb.fr\\\/\"},{\"@type\":\"ListItem\",\"position\":2,\"name\":\"mentions l\u00e9gales\"}]},{\"@type\":\"WebSite\",\"@id\":\"https:\\\/\\\/reflexologie-mlb.fr\\\/#website\",\"url\":\"https:\\\/\\\/reflexologie-mlb.fr\\\/\",\"name\":\"reflexologie-mlb.fr\",\"description\":\"\",\"publisher\":{\"@id\":\"https:\\\/\\\/reflexologie-mlb.fr\\\/#organization\"},\"potentialAction\":[{\"@type\":\"SearchAction\",\"target\":{\"@type\":\"EntryPoint\",\"urlTemplate\":\"https:\\\/\\\/reflexologie-mlb.fr\\\/?s={search_term_string}\"},\"query-input\":{\"@type\":\"PropertyValueSpecification\",\"valueRequired\":true,\"valueName\":\"search_term_string\"}}],\"inLanguage\":\"fr-FR\"},{\"@type\":\"Organization\",\"@id\":\"https:\\\/\\\/reflexologie-mlb.fr\\\/#organization\",\"name\":\"reflexologie-mlb.fr\",\"url\":\"https:\\\/\\\/reflexologie-mlb.fr\\\/\",\"logo\":{\"@type\":\"ImageObject\",\"inLanguage\":\"fr-FR\",\"@id\":\"https:\\\/\\\/reflexologie-mlb.fr\\\/#\\\/schema\\\/logo\\\/image\\\/\",\"url\":\"https:\\\/\\\/reflexologie-mlb.fr\\\/wp-content\\\/uploads\\\/2023\\\/12\\\/cropped-logo-reflexologie-GRAND.jpg\",\"contentUrl\":\"https:\\\/\\\/reflexologie-mlb.fr\\\/wp-content\\\/uploads\\\/2023\\\/12\\\/cropped-logo-reflexologie-GRAND.jpg\",\"width\":1199,\"height\":1199,\"caption\":\"reflexologie-mlb.fr\"},\"image\":{\"@id\":\"https:\\\/\\\/reflexologie-mlb.fr\\\/#\\\/schema\\\/logo\\\/image\\\/\"}}]}<\/script>\n<!-- \/ Yoast SEO plugin. -->","yoast_head_json":{"title":"mentions l\u00e9gales - reflexologie-mlb.fr","robots":{"index":"index","follow":"follow","max-snippet":"max-snippet:-1","max-image-preview":"max-image-preview:large","max-video-preview":"max-video-preview:-1"},"canonical":"https:\/\/reflexologie-mlb.fr\/?page_id=2475","og_locale":"fr_FR","og_type":"article","og_title":"mentions l\u00e9gales - reflexologie-mlb.fr","og_description":"MENTIONS LEGALES Conform\u00e9ment aux dispositions de la loi n\u00b0 2004-575 du 21 juin 2004 pour la confiance en l\u2019\u00e9conomie num\u00e9rique, il est pr\u00e9cis\u00e9 aux utilisateurs du site\u00a0reflexologie-mlb.fr\u00a0l\u2019identit\u00e9 des diff\u00e9rents intervenants dans le cadre de sa r\u00e9alisation et de son suivi. Edition du site Le site\u00a0reflexologie-mlb.fr \u00a0est \u00e9dit\u00e9 par Marion Le Bihan, autoentrepreneur, domicili\u00e9e \u00e0 Andernos-les-Bains [&hellip;]","og_url":"https:\/\/reflexologie-mlb.fr\/?page_id=2475","og_site_name":"reflexologie-mlb.fr","article_modified_time":"2024-02-12T19:53:10+00:00","og_image":[{"width":512,"height":512,"url":"https:\/\/reflexologie-mlb.fr\/wp-content\/uploads\/2023\/12\/cropped-logo-reflexologie-GRAND-1.jpg","type":"image\/jpeg"}],"twitter_card":"summary_large_image","twitter_misc":{"Dur\u00e9e de lecture estim\u00e9e":"2 minutes"},"schema":{"@context":"https:\/\/schema.org","@graph":[{"@type":"WebPage","@id":"https:\/\/reflexologie-mlb.fr\/?page_id=2475","url":"https:\/\/reflexologie-mlb.fr\/?page_id=2475","name":"mentions l\u00e9gales - reflexologie-mlb.fr","isPartOf":{"@id":"https:\/\/reflexologie-mlb.fr\/#website"},"datePublished":"2024-02-12T19:52:56+00:00","dateModified":"2024-02-12T19:53:10+00:00","breadcrumb":{"@id":"https:\/\/reflexologie-mlb.fr\/?page_id=2475#breadcrumb"},"inLanguage":"fr-FR","potentialAction":[{"@type":"ReadAction","target":["https:\/\/reflexologie-mlb.fr\/?page_id=2475"]}]},{"@type":"BreadcrumbList","@id":"https:\/\/reflexologie-mlb.fr\/?page_id=2475#breadcrumb","itemListElement":[{"@type":"ListItem","position":1,"name":"Accueil","item":"https:\/\/reflexologie-mlb.fr\/"},{"@type":"ListItem","position":2,"name":"mentions l\u00e9gales"}]},{"@type":"WebSite","@id":"https:\/\/reflexologie-mlb.fr\/#website","url":"https:\/\/reflexologie-mlb.fr\/","name":"reflexologie-mlb.fr","description":"","publisher":{"@id":"https:\/\/reflexologie-mlb.fr\/#organization"},"potentialAction":[{"@type":"SearchAction","target":{"@type":"EntryPoint","urlTemplate":"https:\/\/reflexologie-mlb.fr\/?s={search_term_string}"},"query-input":{"@type":"PropertyValueSpecification","valueRequired":true,"valueName":"search_term_string"}}],"inLanguage":"fr-FR"},{"@type":"Organization","@id":"https:\/\/reflexologie-mlb.fr\/#organization","name":"reflexologie-mlb.fr","url":"https:\/\/reflexologie-mlb.fr\/","logo":{"@type":"ImageObject","inLanguage":"fr-FR","@id":"https:\/\/reflexologie-mlb.fr\/#\/schema\/logo\/image\/","url":"https:\/\/reflexologie-mlb.fr\/wp-content\/uploads\/2023\/12\/cropped-logo-reflexologie-GRAND.jpg","contentUrl":"https:\/\/reflexologie-mlb.fr\/wp-content\/uploads\/2023\/12\/cropped-logo-reflexologie-GRAND.jpg","width":1199,"height":1199,"caption":"reflexologie-mlb.fr"},"image":{"@id":"https:\/\/reflexologie-mlb.fr\/#\/schema\/logo\/image\/"}}]}},"_links":{"self":[{"href":"https:\/\/reflexologie-mlb.fr\/index.php?rest_route=\/wp\/v2\/pages\/2475","targetHints":{"allow":["GET"]}}],"collection":[{"href":"https:\/\/reflexologie-mlb.fr\/index.php?rest_route=\/wp\/v2\/pages"}],"about":[{"href":"https:\/\/reflexologie-mlb.fr\/index.php?rest_route=\/wp\/v2\/types\/page"}],"author":[{"embeddable":true,"href":"https:\/\/reflexologie-mlb.fr\/index.php?rest_route=\/wp\/v2\/users\/2"}],"replies":[{"embeddable":true,"href":"https:\/\/reflexologie-mlb.fr\/index.php?rest_route=%2Fwp%2Fv2%2Fcomments&post=2475"}],"version-history":[{"count":1,"href":"https:\/\/reflexologie-mlb.fr\/index.php?rest_route=\/wp\/v2\/pages\/2475\/revisions"}],"predecessor-version":[{"id":2476,"href":"https:\/\/reflexologie-mlb.fr\/index.php?rest_route=\/wp\/v2\/pages\/2475\/revisions\/2476"}],"wp:attachment":[{"href":"https:\/\/reflexologie-mlb.fr\/index.php?rest_route=%2Fwp%2Fv2%2Fmedia&parent=2475"}],"curies":[{"name":"wp","href":"https:\/\/api.w.org\/{rel}","templated":true}]}}